{"id":7350,"date":"2021-07-12T07:45:15","date_gmt":"2021-07-12T07:45:15","guid":{"rendered":"https:\/\/berghstoop.com\/home\/"},"modified":"2022-06-20T14:20:14","modified_gmt":"2022-06-20T14:20:14","slug":"home","status":"publish","type":"page","link":"https:\/\/berghstoop.com\/fr\/","title":{"rendered":"Home"},"content":{"rendered":"\n<section class=\"home-header\" id=\"block_home-header-block_60f04173354c5\" style=\"background-image: url(https:\/\/berghstoop.com\/wp-content\/uploads\/2021\/07\/BerghStoopSanders-sfeer-5116.jpg)\">\n  \n  <div class=\"grid\">\n    \n    <div class=\"inner_grid\">\n      \n      <div class=\"text_holder\">\n        \n        <h1>Bergh Stoop &#038; Sanders Avocats<\/h1>\n        \n                \n      <\/div>\n      \n    <\/div>\n    \n  <\/div>\n  \n<\/section>\n\n\n<section class=\"highlight\" id=\"block_highlight-block_60f03c3f95b01\">\n  \n  <div class=\"grid\">\n    \n      <div class=\"inner_grid\">\n        \n        <div class=\"content_grid\">\n          \n          <div class=\"arrow_down\">\n            <img decoding=\"async\" src=\"https:\/\/berghstoop.com\/wp-content\/themes\/berghstoopsanders\/img\/arrow_white.svg\" class=\"arrow\">\n            <span class=\"line\"><\/span>\n          <\/div>\n          \n          <h2>Bergh Stoop &#038; Sanders est un cabinet d&rsquo;avocats qui travaille pour des entreprises nationales et internationales, des investisseurs, des organisations culturelles et (semi) publiques et des particuliers. Nos avocats sont des experts dans les domaines du droit des affaires \/ soci\u00e9t\u00e9s, du droit du travail, du droit de la propri\u00e9t\u00e9 intellectuelle, du droit de l&rsquo;insolvabilit\u00e9 et du droit de l&rsquo;art. Nous combinons l\u2019efficacit\u00e9 commerciale avec l&rsquo;engagement social et une approche pratique.<\/h2>\n          \n        <\/div>\n        \n      <\/div>\n      \n    <\/div>\n  \n<\/section>\n\n\n<section class=\"services\" id=\"block_services-block_60f04384c4885\">\n  \n  <div class=\"grid\">\n    \n      <div class=\"inner_grid \">\n        \n                  \n        <div class=\"carousel_holder\">\n        \n          <div class=\"services-carousel owl-carousel\">\n            \n                  \n      <div class=\"service_obj\" rel=\"https:\/\/berghstoop.com\/fr\/zone-de-pratique\/litige-corporatif-et-commercial\/\">\n        \n        <h3>Litige corporatif et commercial<\/h3>\n        \n                  \n          <p><\/p>\n          \n                \n        <a href=\"https:\/\/berghstoop.com\/fr\/zone-de-pratique\/litige-corporatif-et-commercial\/\" class=\"btn\">Lire plus<\/a>\n        \n                <a href=\"https:\/\/berghstoop.com\/praktijkgebieden\/\" class=\"btn transparent\">Tous les domaines de pratique<\/a>\n                \n      <\/div>\n      \n            \n      <div class=\"service_obj\" rel=\"https:\/\/berghstoop.com\/fr\/zone-de-pratique\/droit-des-societes-affaires-fusions-et-acquisitions\/\">\n        \n        <h3>Droit des soci\u00e9t\u00e9s \/ affaires, fusions et acquisitions<\/h3>\n        \n                  \n          <p><\/p>\n          \n                \n        <a href=\"https:\/\/berghstoop.com\/fr\/zone-de-pratique\/droit-des-societes-affaires-fusions-et-acquisitions\/\" class=\"btn\">Lire plus<\/a>\n        \n                <a href=\"https:\/\/berghstoop.com\/praktijkgebieden\/\" class=\"btn transparent\">Tous les domaines de pratique<\/a>\n                \n      <\/div>\n      \n            \n      <div class=\"service_obj\" rel=\"https:\/\/berghstoop.com\/fr\/zone-de-pratique\/linsolvabilite-et-restructurations\/\">\n        \n        <h3>L&rsquo;insolvabilit\u00e9 et restructurations<\/h3>\n        \n                  \n          <p><\/p>\n          \n                \n        <a href=\"https:\/\/berghstoop.com\/fr\/zone-de-pratique\/linsolvabilite-et-restructurations\/\" class=\"btn\">Lire plus<\/a>\n        \n                <a href=\"https:\/\/berghstoop.com\/praktijkgebieden\/\" class=\"btn transparent\">Tous les domaines de pratique<\/a>\n                \n      <\/div>\n      \n            \n      <div class=\"service_obj\" rel=\"https:\/\/berghstoop.com\/fr\/zone-de-pratique\/contrats-commerciaux\/\">\n        \n        <h3>Contrats commerciaux<\/h3>\n        \n                  \n          <p><\/p>\n          \n                \n        <a href=\"https:\/\/berghstoop.com\/fr\/zone-de-pratique\/contrats-commerciaux\/\" class=\"btn\">Lire plus<\/a>\n        \n                <a href=\"https:\/\/berghstoop.com\/praktijkgebieden\/\" class=\"btn transparent\">Tous les domaines de pratique<\/a>\n                \n      <\/div>\n      \n            \n      <div class=\"service_obj\" rel=\"https:\/\/berghstoop.com\/fr\/zone-de-pratique\/droit-de-lart\/\">\n        \n        <h3>Droit de l&rsquo;art<\/h3>\n        \n                  \n          <p><\/p>\n          \n                \n        <a href=\"https:\/\/berghstoop.com\/fr\/zone-de-pratique\/droit-de-lart\/\" class=\"btn\">Lire plus<\/a>\n        \n                <a href=\"https:\/\/berghstoop.com\/praktijkgebieden\/\" class=\"btn transparent\">Tous les domaines de pratique<\/a>\n                \n      <\/div>\n      \n            \n      <div class=\"service_obj\" rel=\"https:\/\/berghstoop.com\/fr\/zone-de-pratique\/droit-du-travail\/\">\n        \n        <h3>Droit du travail<\/h3>\n        \n                  \n          <p><\/p>\n          \n                \n        <a href=\"https:\/\/berghstoop.com\/fr\/zone-de-pratique\/droit-du-travail\/\" class=\"btn\">Lire plus<\/a>\n        \n                <a href=\"https:\/\/berghstoop.com\/praktijkgebieden\/\" class=\"btn transparent\">Tous les domaines de pratique<\/a>\n                \n      <\/div>\n      \n            \n      <div class=\"service_obj\" rel=\"https:\/\/berghstoop.com\/fr\/zone-de-pratique\/droit-de-propriete-intellectuelle\/\">\n        \n        <h3>Droit de propri\u00e9t\u00e9 intellectuelle<\/h3>\n        \n                  \n          <p><\/p>\n          \n                \n        <a href=\"https:\/\/berghstoop.com\/fr\/zone-de-pratique\/droit-de-propriete-intellectuelle\/\" class=\"btn\">Lire plus<\/a>\n        \n                <a href=\"https:\/\/berghstoop.com\/praktijkgebieden\/\" class=\"btn transparent\">Tous les domaines de pratique<\/a>\n                \n      <\/div>\n      \n                  \n          <\/div>\n          \n          <div class=\"services-carousel-nav\">\n            \n            <div class=\"arrow_left\"><\/div>\n            \n            <div class=\"dots\">\n              \n                    \n      <div class=\"dot active\"><\/div>\n      \n            \n      <div class=\"dot \"><\/div>\n      \n            \n      <div class=\"dot \"><\/div>\n      \n            \n      <div class=\"dot \"><\/div>\n      \n            \n      <div class=\"dot \"><\/div>\n      \n            \n      <div class=\"dot \"><\/div>\n      \n            \n      <div class=\"dot \"><\/div>\n      \n                    \n            <\/div>\n            \n            <div class=\"arrow_right\"><\/div>\n            \n          <\/div>\n          \n        <\/div>\n        \n                \n                \n          \n      <\/div>\n  \n  <\/div>\n  \n<\/section>\n\n\n<section class=\"banner\" id=\"block_banner-block_61b768ec9d9f9\">\n  \n  <div class=\"grid\">\n    \n    <div class=\"inner_grid\" style=\"background-image: url(https:\/\/berghstoop.com\/wp-content\/uploads\/2021\/07\/BerghStoopSanders-sfeer-3378-600x900.jpg);\">\n      \n      <div class=\"content_grid\">\n        \n        <div class=\"text_holder\">\n        \n          <p class=\"sub\"><\/p>\n          \n          <h3>Bergh Stoop &#038; Sanders conseille les startups et les scale-ups<\/h3>\n          \n                    \n          <a href=\"https:\/\/berghstoop.com\/aanbod-aan-startups-en-scale-ups\/\" class=\"btn\" target=\"\">Lire plus<\/a>\n        \n        <\/div>\n        \n      <\/div>\n      \n    <\/div>\n    \n  <\/div>\n  \n<\/section>\n\n\n<section class=\"professionals \" id=\"block_professionals-block_60f043e1245a8\">\n  \n  <div class=\"grid\">\n    \n      <div class=\"inner_grid\">\n          \n          <div class=\"content_grid\">\n            \n                          \n            <h3>Nos avocats<\/h3>\n            \n                          \n            <div class=\"carousel_holder\">\n            \n              <div class=\"professionals-carousel owl-carousel\">\n                \n                      \n            \n      <div class=\"professional_obj \" rel=\"https:\/\/berghstoop.com\/fr\/professional\/auke-van-hoek\/\" style=\"background-image: url(https:\/\/berghstoop.com\/wp-content\/uploads\/2021\/08\/BSS-lr-3812-2.jpg);\">\n        \n        <div class=\"text_holder\">\n          <h3>Auke van Hoek<\/h3>\n          \n          <a href=\"https:\/\/berghstoop.com\/fr\/professional\/auke-van-hoek\/\" class=\"btn brown\">Lire plus<\/a>\n        <\/div>\n        \n      <\/div>\n      \n            \n            \n            \n      <div class=\"professional_obj \" rel=\"https:\/\/berghstoop.com\/fr\/professional\/steven-wiggers\/\" style=\"background-image: url(https:\/\/berghstoop.com\/wp-content\/uploads\/2021\/07\/BSS-lr-4066-2.jpg);\">\n        \n        <div class=\"text_holder\">\n          <h3>Steven Wiggers<\/h3>\n          \n          <a href=\"https:\/\/berghstoop.com\/fr\/professional\/steven-wiggers\/\" class=\"btn brown\">Lire plus<\/a>\n        <\/div>\n        \n      <\/div>\n      \n            \n            \n            \n      <div class=\"professional_obj \" rel=\"https:\/\/berghstoop.com\/fr\/professional\/paola-montoya-gil\/\" style=\"background-image: url(https:\/\/berghstoop.com\/wp-content\/uploads\/2025\/07\/DSC2371-600x900.jpg);\">\n        \n        <div class=\"text_holder\">\n          <h3>Paola Montoya Gil<\/h3>\n          \n          <a href=\"https:\/\/berghstoop.com\/fr\/professional\/paola-montoya-gil\/\" class=\"btn brown\">Lire plus<\/a>\n        <\/div>\n        \n      <\/div>\n      \n            \n            \n            \n      <div class=\"professional_obj \" rel=\"https:\/\/berghstoop.com\/fr\/professional\/maud-meijer\/\" style=\"background-image: url(https:\/\/berghstoop.com\/wp-content\/uploads\/2024\/07\/BSS-HR-9646-2-720x900.jpg);\">\n        \n        <div class=\"text_holder\">\n          <h3>Maud Meijer<\/h3>\n          \n          <a href=\"https:\/\/berghstoop.com\/fr\/professional\/maud-meijer\/\" class=\"btn brown\">Lire plus<\/a>\n        <\/div>\n        \n      <\/div>\n      \n            \n            \n            \n      <div class=\"professional_obj \" rel=\"https:\/\/berghstoop.com\/fr\/professional\/caspar-scholten\/\" style=\"background-image: url(https:\/\/berghstoop.com\/wp-content\/uploads\/2021\/12\/BSS-portret-zw-w-LR-4548-720x900.jpg);\">\n        \n        <div class=\"text_holder\">\n          <h3>Caspar Scholten<\/h3>\n          \n          <a href=\"https:\/\/berghstoop.com\/fr\/professional\/caspar-scholten\/\" class=\"btn brown\">Lire plus<\/a>\n        <\/div>\n        \n      <\/div>\n      \n            \n            \n            \n      <div class=\"professional_obj \" rel=\"https:\/\/berghstoop.com\/fr\/professional\/gert-jan-van-den-bergh\/\" style=\"background-image: url(https:\/\/berghstoop.com\/wp-content\/uploads\/2024\/02\/GJ-feb-2024-zw.w-LR-720x900.jpg);\">\n        \n        <div class=\"text_holder\">\n          <h3>Gert-Jan van den Bergh<\/h3>\n          \n          <a href=\"https:\/\/berghstoop.com\/fr\/professional\/gert-jan-van-den-bergh\/\" class=\"btn brown\">Lire plus<\/a>\n        <\/div>\n        \n      <\/div>\n      \n            \n            \n            \n      <div class=\"professional_obj \" rel=\"https:\/\/berghstoop.com\/fr\/professional\/jip-mennema\/\" style=\"background-image: url(https:\/\/berghstoop.com\/wp-content\/uploads\/2021\/12\/BSS-portret-zw-w-LR-4430-720x900.jpg);\">\n        \n        <div class=\"text_holder\">\n          <h3>Jip Mennema<\/h3>\n          \n          <a href=\"https:\/\/berghstoop.com\/fr\/professional\/jip-mennema\/\" class=\"btn brown\">Lire plus<\/a>\n        <\/div>\n        \n      <\/div>\n      \n            \n            \n            \n      <div class=\"professional_obj \" rel=\"https:\/\/berghstoop.com\/fr\/professional\/7961\/\" style=\"background-image: url(https:\/\/berghstoop.com\/wp-content\/uploads\/2026\/04\/DSC0982zwart_wit-pasfoto-bruno-861x900.jpg);\">\n        \n        <div class=\"text_holder\">\n          <h3>Bruno Verdam<\/h3>\n          \n          <a href=\"https:\/\/berghstoop.com\/fr\/professional\/7961\/\" class=\"btn brown\">Lire plus<\/a>\n        <\/div>\n        \n      <\/div>\n      \n            \n            \n            \n      <div class=\"professional_obj \" rel=\"https:\/\/berghstoop.com\/fr\/professional\/maarten-sanders\/\" style=\"background-image: url(https:\/\/berghstoop.com\/wp-content\/uploads\/2021\/07\/BSS-lr-3961-2.jpg);\">\n        \n        <div class=\"text_holder\">\n          <h3>Maarten Sanders<\/h3>\n          \n          <a href=\"https:\/\/berghstoop.com\/fr\/professional\/maarten-sanders\/\" class=\"btn brown\">Lire plus<\/a>\n        <\/div>\n        \n      <\/div>\n      \n            \n            \n            \n      <div class=\"professional_obj \" rel=\"https:\/\/berghstoop.com\/fr\/professional\/max-garschagen\/\" style=\"background-image: url(https:\/\/berghstoop.com\/wp-content\/uploads\/2022\/12\/BSS-portret-Max-zw-w-LR-4512-720x900.jpg);\">\n        \n        <div class=\"text_holder\">\n          <h3>Max Garschagen<\/h3>\n          \n          <a href=\"https:\/\/berghstoop.com\/fr\/professional\/max-garschagen\/\" class=\"btn brown\">Lire plus<\/a>\n        <\/div>\n        \n      <\/div>\n      \n            \n            \n            \n      <div class=\"professional_obj \" rel=\"https:\/\/berghstoop.com\/fr\/professional\/petra-charbon\/\" style=\"background-image: url(https:\/\/berghstoop.com\/wp-content\/uploads\/2021\/07\/DSC2758-1-706x900.jpg);\">\n        \n        <div class=\"text_holder\">\n          <h3>Petra Charbon<\/h3>\n          \n          <a href=\"https:\/\/berghstoop.com\/fr\/professional\/petra-charbon\/\" class=\"btn brown\">Lire plus<\/a>\n        <\/div>\n        \n      <\/div>\n      \n            \n            \n            \n      <div class=\"professional_obj \" rel=\"https:\/\/berghstoop.com\/fr\/professional\/adriaan-stoop\/\" style=\"background-image: url(https:\/\/berghstoop.com\/wp-content\/uploads\/2021\/12\/BSS-portret-zw-w-LR-1695-720x900.jpg);\">\n        \n        <div class=\"text_holder\">\n          <h3>Adriaan Stoop<\/h3>\n          \n          <a href=\"https:\/\/berghstoop.com\/fr\/professional\/adriaan-stoop\/\" class=\"btn brown\">Lire plus<\/a>\n        <\/div>\n        \n      <\/div>\n      \n            \n            \n            \n      <div class=\"professional_obj \" rel=\"https:\/\/berghstoop.com\/fr\/professional\/fanny-sax\/\" style=\"background-image: url(https:\/\/berghstoop.com\/wp-content\/uploads\/2021\/07\/BSS-lr-3766-2.jpg);\">\n        \n        <div class=\"text_holder\">\n          <h3>Fanny Sax<\/h3>\n          \n          <a href=\"https:\/\/berghstoop.com\/fr\/professional\/fanny-sax\/\" class=\"btn brown\">Lire plus<\/a>\n        <\/div>\n        \n      <\/div>\n      \n            \n                      \n              <\/div>\n              \n              <div class=\"professionals_nav_wrapper\">\n                <div class=\"professionals_nav\">\n                  <div class=\"stroke\"><\/div>\n                <\/div>\n              <\/div>\n              \n            <\/div>\n            \n                        \n                        \n          <\/div>\n\n      <\/div>\n      \n  <\/div>\n  \n<\/section>\n\n\n\n\n<section class=\"cta\" id=\"block_cta-block_60f038a708e43\">\n  \n  <div class=\"grid lr\">\n    \n      <div class=\"inner_grid lr\">\n        \n        <div class=\"content_grid\">\n            \n            <div class=\"image lr\" style=\"background-image: url(https:\/\/berghstoop.com\/wp-content\/uploads\/2021\/07\/BerghStoopSanders-sfeer-4127-600x900.jpg);\">  \n            <\/div>\n            \n            <div class=\"text_holder lr\">\n              \n                            <h3>Nous contacter<\/h3>\n                            \n              <p>Herengracht 481<br \/>\n1017 BT Amsterdam<br \/>\nt +31 (0) 20 620 22 88<\/p>\n              \n                              <a href=\"mailto:info@berghstoop.com\" class=\"btn\">Envoyez-nous un e-mail<\/a>\n                          <\/div>\n        \n          \n        <\/div>\n        \n      <\/div>\n      \n  <\/div>\n  \n<\/section>\n\n\n<section class=\"banner\" id=\"block_banner-block_60eed4a51a20e\">\n  \n  <div class=\"grid\">\n    \n    <div class=\"inner_grid\" style=\"background-image: url(https:\/\/berghstoop.com\/wp-content\/uploads\/2021\/07\/BerghStoopSanders-sfeer-4160-900x600.jpg);\">\n      \n      <div class=\"content_grid\">\n        \n        <div class=\"text_holder\">\n        \n          <p class=\"sub\"><\/p>\n          \n          <h3>Blog droit de l&rsquo;art Bergh Stoop &#038; Sanders<\/h3>\n          \n                    \n          <a href=\"https:\/\/www.kunstrecht.nl\" class=\"btn\" target=\"_blank\">Aller \u00e0 kunstrecht.nl<\/a>\n        \n        <\/div>\n        \n      <\/div>\n      \n    <\/div>\n    \n  <\/div>\n  \n<\/section>","protected":false},"excerpt":{"rendered":"","protected":false},"author":1,"featured_media":0,"parent":0,"menu_order":0,"comment_status":"closed","ping_status":"closed","template":"","meta":{"_acf_changed":false,"footnotes":""},"class_list":["post-7350","page","type-page","status-publish","hentry"],"acf":[],"_links":{"self":[{"href":"https:\/\/berghstoop.com\/fr\/wp-json\/wp\/v2\/pages\/7350","targetHints":{"allow":["GET"]}}],"collection":[{"href":"https:\/\/berghstoop.com\/fr\/wp-json\/wp\/v2\/pages"}],"about":[{"href":"https:\/\/berghstoop.com\/fr\/wp-json\/wp\/v2\/types\/page"}],"author":[{"embeddable":true,"href":"https:\/\/berghstoop.com\/fr\/wp-json\/wp\/v2\/users\/1"}],"replies":[{"embeddable":true,"href":"https:\/\/berghstoop.com\/fr\/wp-json\/wp\/v2\/comments?post=7350"}],"version-history":[{"count":13,"href":"https:\/\/berghstoop.com\/fr\/wp-json\/wp\/v2\/pages\/7350\/revisions"}],"predecessor-version":[{"id":7655,"href":"https:\/\/berghstoop.com\/fr\/wp-json\/wp\/v2\/pages\/7350\/revisions\/7655"}],"wp:attachment":[{"href":"https:\/\/berghstoop.com\/fr\/wp-json\/wp\/v2\/media?parent=7350"}],"curies":[{"name":"wp","href":"https:\/\/api.w.org\/{rel}","templated":true}]}}