{"id":7482,"date":"2021-07-12T07:51:07","date_gmt":"2021-07-12T07:51:07","guid":{"rendered":"https:\/\/berghstoop.com\/over-ons\/"},"modified":"2022-06-20T14:18:56","modified_gmt":"2022-06-20T14:18:56","slug":"a-propos-de-nous","status":"publish","type":"page","link":"https:\/\/berghstoop.com\/fr\/a-propos-de-nous\/","title":{"rendered":"\u00c0 propos de nous"},"content":{"rendered":"\n<section class=\"introduction\" id=\"block_text-block_611d212356120\">\n  \n  <div class=\"grid\">\n    \n      <div class=\"inner_grid\">\n        \n                \n          <h1><\/h1>\n\n          <p>Bergh Stoop &#038; Sanders est un cabinet d&rsquo;avocats qui travaille pour des entreprises nationales et internationales, des investisseurs, des organisations culturelles et (semi) publiques et des particuliers. Nos avocats sont des experts dans les domaines du droit des affaires \/ soci\u00e9t\u00e9s, du droit du travail, du droit de la propri\u00e9t\u00e9 intellectuelle, du droit de l&rsquo;insolvabilit\u00e9 et du droit de l&rsquo;art. Nous combinons l\u2019efficacit\u00e9 commerciale avec l&rsquo;engagement social et une approche pratique.<\/p>\n\n      <\/div>\n      \n  <\/div>\n  \n<\/section>","protected":false},"excerpt":{"rendered":"","protected":false},"author":1,"featured_media":0,"parent":0,"menu_order":0,"comment_status":"closed","ping_status":"closed","template":"","meta":{"_acf_changed":false,"footnotes":""},"class_list":["post-7482","page","type-page","status-publish","hentry"],"acf":[],"_links":{"self":[{"href":"https:\/\/berghstoop.com\/fr\/wp-json\/wp\/v2\/pages\/7482","targetHints":{"allow":["GET"]}}],"collection":[{"href":"https:\/\/berghstoop.com\/fr\/wp-json\/wp\/v2\/pages"}],"about":[{"href":"https:\/\/berghstoop.com\/fr\/wp-json\/wp\/v2\/types\/page"}],"author":[{"embeddable":true,"href":"https:\/\/berghstoop.com\/fr\/wp-json\/wp\/v2\/users\/1"}],"replies":[{"embeddable":true,"href":"https:\/\/berghstoop.com\/fr\/wp-json\/wp\/v2\/comments?post=7482"}],"version-history":[{"count":6,"href":"https:\/\/berghstoop.com\/fr\/wp-json\/wp\/v2\/pages\/7482\/revisions"}],"predecessor-version":[{"id":7653,"href":"https:\/\/berghstoop.com\/fr\/wp-json\/wp\/v2\/pages\/7482\/revisions\/7653"}],"wp:attachment":[{"href":"https:\/\/berghstoop.com\/fr\/wp-json\/wp\/v2\/media?parent=7482"}],"curies":[{"name":"wp","href":"https:\/\/api.w.org\/{rel}","templated":true}]}}