{"id":7490,"date":"2021-07-12T07:51:32","date_gmt":"2021-07-12T07:51:32","guid":{"rendered":"https:\/\/berghstoop.com\/contact\/"},"modified":"2022-01-30T20:19:48","modified_gmt":"2022-01-30T20:19:48","slug":"contact","status":"publish","type":"page","link":"https:\/\/berghstoop.com\/fr\/contact\/","title":{"rendered":"Contact"},"content":{"rendered":"\n<section class=\"introduction\" id=\"block_text-block_60f052bf04e16\">\n  \n  <div class=\"grid\">\n    \n      <div class=\"inner_grid\">\n        \n                <div class=\"arrow_down large\">\n          <img decoding=\"async\" src=\"https:\/\/berghstoop.com\/wp-content\/themes\/berghstoopsanders\/img\/arrow_white.svg\" class=\"arrow\">\n          <span class=\"line\"><\/span>\n        <\/div>\n                \n          <h1>Contact<\/h1>\n\n          <p><\/p>\n\n      <\/div>\n      \n  <\/div>\n  \n<\/section>\n\n\n<section class=\"cta\" id=\"block_cta-block_60f052d904e29\">\n  \n  <div class=\"grid tb\">\n    \n      <div class=\"inner_grid tb\">\n        \n        <div class=\"content_grid\">\n            \n            <div class=\"image tb\" style=\"background-image: url(https:\/\/berghstoop.com\/wp-content\/uploads\/2021\/07\/BerghStoopSanders-sfeer-4959.jpg);\">  \n            <\/div>\n            \n            <div class=\"text_holder tb\">\n              \n                            \n              <p>Herengracht 481<br \/>\n1017 BT Amsterdam<br \/>\nt +31 (0) 20 620 22 88<\/p>\n              \n                              <a href=\"mailto:info@berghstoop.com\" class=\"btn\">Mail ons<\/a>\n                          <\/div>\n        \n          \n        <\/div>\n        \n      <\/div>\n      \n  <\/div>\n  \n<\/section>\n\n\n<section class=\"text\" id=\"block_text-block_60f0533704e44\">\n  \n  <div class=\"grid   \">\n    \n      <div class=\"inner_grid\">\n        \n        <div class=\"content_grid\">\n        \n                      \n            <div class=\"text_left\">\n              \n                            <h3>Parking Molenpad (10 minutes \u00e0 pied)<\/h3>\n                            <p class=\"p1\">Molenpad 16, 1016 GM Amsterdam, All\u00e9e entre Prinsengracht et Keizersgracht pr\u00e8s de Leidsegracht. Dans ce garage, vous pouvez r\u00e9server une place de parking via le secr\u00e9tariat de notre bureau (frais pour notre bureau).<\/p>\n<p>Au parking, vous pouvez signaler que vous venez pour notre bureau et vous devez ensuite remettre vos cl\u00e9s de voiture au gardien du parking.<\/p>\n<p><em>Itin\u00e9raire \u00e0 pied du parking au 481 Herengracht<br \/>\n<\/em>Vous quitterez le Molenpad, traverserez le Keizersgracht et rejoindrez le Herengracht via le Leidsegracht. Tournez ensuite \u00e0 droite sur le Herengracht, traversez le pont \u00e0 Leidsestraat et continuez de l&rsquo;autre c\u00f4t\u00e9 jusqu&rsquo;au num\u00e9ro 481.<\/p>\n<p class=\"p1\"><em>\u00a0<\/em><\/p>\n              \n                                          \n            <\/div>\n            \n            <div class=\"text_right\">\n              \n                            <h3>Parkings publics<\/h3>\n                            <p class=\"p1\">Parking Kalverstraat &#8211; De Kalvertoren<br \/>\nEntr\u00e9e Singel 451 c, (t\/o le March\u00e9 aux Fleurs)<br \/>\n1012 WP Amsterdam<\/p>\n<p>Parking garage Stopera (10 minutes de marche)<br \/>\nWaterlooplein 28<br \/>\n1011 PG Amsterdam<\/p>\n              \n                            <a href=\"https:\/\/www.google.nl\/maps\/dir\/\/Bergh+Stoop+%26+Sanders+Advocaten,+Herengracht+481,+1017+BT+Amsterdam\/@52.365823,4.8554632,13z\/data=!3m1!4b1!4m9!4m8!1m0!1m5!1m1!1s0x47c609c20b13903b:0x1ee26e5237b9a8ce!2m2!1d4.8905155!2d52.3658494!3e3\" target=\"_blank\" class=\"btn\">Itin\u00e9raire avec les transports en commun<\/a>\n                                          <a href=\"https:\/\/www.google.nl\/maps\/dir\/\/Bergh+Stoop+%26+Sanders+Advocaten,+Herengracht+481,+1017+BT+Amsterdam\/@52.365823,4.8554632,13z\/data=!4m9!4m8!1m0!1m5!1m1!1s0x47c609c20b13903b:0x1ee26e5237b9a8ce!2m2!1d4.8905155!2d52.3658494!3e0\" target=\"_blank\" class=\"btn\">Parcours en voiture<\/a>\n                            \n                            \n            <\/div>\n            \n                    \n                    \n        <\/div>\n\n      <\/div>\n      \n  <\/div>\n  \n<\/section>","protected":false},"excerpt":{"rendered":"","protected":false},"author":1,"featured_media":0,"parent":0,"menu_order":0,"comment_status":"closed","ping_status":"closed","template":"","meta":{"_acf_changed":false,"footnotes":""},"class_list":["post-7490","page","type-page","status-publish","hentry"],"acf":[],"_links":{"self":[{"href":"https:\/\/berghstoop.com\/fr\/wp-json\/wp\/v2\/pages\/7490","targetHints":{"allow":["GET"]}}],"collection":[{"href":"https:\/\/berghstoop.com\/fr\/wp-json\/wp\/v2\/pages"}],"about":[{"href":"https:\/\/berghstoop.com\/fr\/wp-json\/wp\/v2\/types\/page"}],"author":[{"embeddable":true,"href":"https:\/\/berghstoop.com\/fr\/wp-json\/wp\/v2\/users\/1"}],"replies":[{"embeddable":true,"href":"https:\/\/berghstoop.com\/fr\/wp-json\/wp\/v2\/comments?post=7490"}],"version-history":[{"count":12,"href":"https:\/\/berghstoop.com\/fr\/wp-json\/wp\/v2\/pages\/7490\/revisions"}],"predecessor-version":[{"id":7580,"href":"https:\/\/berghstoop.com\/fr\/wp-json\/wp\/v2\/pages\/7490\/revisions\/7580"}],"wp:attachment":[{"href":"https:\/\/berghstoop.com\/fr\/wp-json\/wp\/v2\/media?parent=7490"}],"curies":[{"name":"wp","href":"https:\/\/api.w.org\/{rel}","templated":true}]}}