{"id":7507,"date":"2021-12-01T11:57:19","date_gmt":"2021-12-01T11:57:19","guid":{"rendered":"https:\/\/berghstoop.com\/aanbod-aan-startups-en-scale-ups\/"},"modified":"2025-05-23T07:36:17","modified_gmt":"2025-05-23T07:36:17","slug":"offre-aux-jeunes-entreprises-et-aux-entreprises-de-taille-moyenne","status":"publish","type":"page","link":"https:\/\/berghstoop.com\/fr\/offre-aux-jeunes-entreprises-et-aux-entreprises-de-taille-moyenne\/","title":{"rendered":"Offre aux jeunes entreprises et aux entreprises de taille moyenne\u2028"},"content":{"rendered":"\n<section class=\"introduction\" id=\"block_text-block_e7949694f649b97b1eda3bb34889c708\">\n  \n  <div class=\"grid\">\n    \n      <div class=\"inner_grid\">\n        \n                <div class=\"arrow_down large\">\n          <img decoding=\"async\" src=\"https:\/\/berghstoop.com\/wp-content\/themes\/berghstoopsanders\/img\/arrow_white.svg\" class=\"arrow\">\n          <span class=\"line\"><\/span>\n        <\/div>\n                \n          <h1>Offre aux start- et scale-ups\u2019 <\/h1>\n\n          <p>Nous proposons aux entreprises en phase de d\u00e9marrage et aux entreprises de grande taille des formules sp\u00e9ciales avec des accords standard &#8211; sur mesure &#8211; pour un montant fixe. Que les documents soient n\u00e9cessaires pour d\u00e9marrer ou pour se d\u00e9velopper et se professionnaliser davantage. Nous comprenons que des accords qui fonctionnent bien sont essentiels dans toutes les phases de la croissance d&rsquo;une entreprise. Nous sommes heureux de vous aider, afin que vous puissiez vous concentrer sur ce qui compte vraiment : le d\u00e9veloppement de votre entreprise. De cette fa\u00e7on, nous contribuons \u00e0 la stimulation de l&rsquo;innovation et \u00e0 une culture entrepreneuriale r\u00e9ussie aux Pays-Bas.<\/p>\n\n      <\/div>\n      \n  <\/div>\n  \n<\/section>\n\n\n<section class=\"text\" id=\"block_text-block_f1a2e2193a16d024c495ce8ad7bce851\">\n  \n  <div class=\"grid brown  \">\n    \n      <div class=\"inner_grid\">\n        \n        <div class=\"content_grid\">\n        \n                      \n            <div class=\"text_left\">\n              \n                            <h3>Paquets de lois sur le travail<\/h3>\n                            <ul>\n<li class=\"p1\"><strong>Formule standard :<\/strong> contrat de travail \u00e0 dur\u00e9e d\u00e9termin\u00e9e et ind\u00e9termin\u00e9e<span class=\"Apple-converted-space\">\u00a0<\/span><\/li>\n<li class=\"p1\"><strong>Paquet standard+ :<\/strong> contrat de travail \u00e0 dur\u00e9e d\u00e9termin\u00e9e et ind\u00e9termin\u00e9e + accord de r\u00e8glement.<span class=\"Apple-converted-space\">\u00a0<\/span><\/li>\n<li class=\"p1\"><strong>Package complet :<\/strong> contrat de travail \u00e0 dur\u00e9e d\u00e9termin\u00e9e et ind\u00e9termin\u00e9e + accord de r\u00e8glement + contrat de mission ou de d\u00e9tachement\/ contrat de pr\u00eat<span class=\"Apple-converted-space\">\u00a0<\/span><\/li>\n<li class=\"p1\"><strong>Forfait+ \u00e9tendu :<\/strong> contrat de travail \u00e0 dur\u00e9e d\u00e9termin\u00e9e et ind\u00e9termin\u00e9e + accord de r\u00e8glement + contrat de mission ou convention de d\u00e9tachement + conditions g\u00e9n\u00e9rales (de base).<\/li>\n<\/ul>\n              \n                                          \n            <\/div>\n            \n            <div class=\"text_right\">\n              \n                            <h3>Paquets d&rsquo;\u00e9quit\u00e9 et de participation<\/h3>\n                            <ul>\n<li class=\"p1\"><strong>Paquet de conventions d&rsquo;actionnaires :<\/strong> convention entre les fondateurs\/ investisseurs et \u00e9ventuellement avec le conseil d&rsquo;administration.<\/li>\n<li class=\"p1\"><strong>Paquet d&rsquo;actions :<\/strong> acte d&rsquo;\u00e9mission d&rsquo;actions + r\u00e9solution des actionnaires + r\u00e9solution du conseil d&rsquo;administration<\/li>\n<li class=\"p1\"><strong>Paquet d&rsquo;options sur actions :<\/strong> accord sur les options sur actions + r\u00e9solution des actionnaires + r\u00e9solution du conseil d&rsquo;administration.<\/li>\n<li class=\"p1\"><strong>Paquet d&rsquo;actions sans droit de vote :<\/strong> acte d&rsquo;\u00e9mission d&rsquo;actions sans droit de vote + r\u00e9solution des actionnaires + r\u00e9solution du conseil d&rsquo;administration.<\/li>\n<li class=\"p1\"><strong>Paquet de certificats de d\u00e9p\u00f4t :<\/strong> mise en place de STAK + conditions d&rsquo;administration + accord des d\u00e9tenteurs de certificats de d\u00e9p\u00f4t + r\u00e9solution des actionnaires + r\u00e9solution du conseil d&rsquo;administration.<\/li>\n<li class=\"p1\"><strong>Paquet de droits d&rsquo;appr\u00e9ciation des actions :<\/strong> Convention SAR + r\u00e9solution des actionnaires + r\u00e9solution du conseil d&rsquo;administration<\/li>\n<\/ul>\n              \n                                          \n                            \n            <\/div>\n            \n                    \n                    \n        <\/div>\n\n      <\/div>\n      \n  <\/div>\n  \n<\/section>\n\n\n<section class=\"text\" id=\"block_text-block_c29a1ce9070143bdc6d6aa393afb0f9d\">\n  \n  <div class=\"grid brown  \">\n    \n      <div class=\"inner_grid\">\n        \n        <div class=\"content_grid\">\n        \n                      \n            <div class=\"text_left\">\n              \n                            <h3>Paquets mixtes (accords et contr\u00f4les suppl\u00e9mentaires indispensables)<\/h3>\n                            <ul>\n<li class=\"p1\"><strong>Conditions (g\u00e9n\u00e9rales)<\/strong><\/li>\n<li class=\"p1\"><strong>Provision pour bonus<\/strong><\/li>\n<li class=\"p1\"><strong>Disposition relative \u00e0 la restriction du transfert des droits de propri\u00e9t\u00e9 intellectuelle<\/strong><\/li>\n<li class=\"p1\"><strong>Accord de transfert des droits de propri\u00e9t\u00e9 intellectuelle<\/strong><\/li>\n<li class=\"p1\"><strong>Accord de licence sur les droits de propri\u00e9t\u00e9 intellectuelle<\/strong><\/li>\n<li class=\"p1\"><strong>Un avocat d&rsquo;un jour<span class=\"Apple-converted-space\">\u00a0<\/span><\/strong><\/li>\n<\/ul>\n              \n                                          \n            <\/div>\n            \n            <div class=\"text_right\">\n              \n                            <h3>Obtenez une expertise suppl\u00e9mentaire avec un \u00ab\u00a0avocat d&rsquo;un jour\u00a0\u00bb.<\/h3>\n                            <p class=\"p1\">L&rsquo;un de nos sp\u00e9cialistes dans le domaine du droit du travail, du droit des soci\u00e9t\u00e9s, du droit de la propri\u00e9t\u00e9 intellectuelle, du droit des contrats et du droit de l&rsquo;insolvabilit\u00e9 peut, pour un tarif fixe convenu, travailler au sein de votre startup pendant une journ\u00e9e (ou une partie de journ\u00e9e). Ils peuvent vous fournir, \u00e0 vous, \u00e0 votre responsable RH et\/ou \u00e0 votre conseiller juridique, des conseils sur les mod\u00e8les qui sont ou devraient \u00eatre utilis\u00e9s au sein de votre startup et sur les questions juridiques auxquelles votre startup est confront\u00e9e.<\/p>\n              \n                                          \n                            \n            <\/div>\n            \n                    \n                    \n        <\/div>\n\n      <\/div>\n      \n  <\/div>\n  \n<\/section>\n\n\n<section class=\"text\" id=\"block_text-block_fff0ec22b4fc3cfb8725f960ef7376b5\">\n  \n  <div class=\"grid   \">\n    \n      <div class=\"inner_grid\">\n        \n        <div class=\"content_grid\">\n        \n                    \n                      \n            <div class=\"text_holder\">\n                            <p class=\"p1\">Les forfaits et les options suppl\u00e9mentaires consistent en des accords standard (mod\u00e8les) qui sont \u00e9tablis en fonction de vos souhaits. Les accords peuvent \u00eatre mis en \u0153uvre imm\u00e9diatement. Les accords peuvent \u00eatre r\u00e9dig\u00e9s en n\u00e9erlandais ou en anglais. Naturellement, des solutions personnalis\u00e9es peuvent \u00eatre appliqu\u00e9es. Nous sommes heureux de r\u00e9fl\u00e9chir avec vous.<\/p>\n              \n                                          \n            <\/div>\n            \n                    \n        <\/div>\n\n      <\/div>\n      \n  <\/div>\n  \n<\/section>\n\n\n<section class=\"text\" id=\"block_text-block_247bc8b64cf9f731cc7fa7db2e98a7e5\">\n  \n  <div class=\"grid  no-padding-top \">\n    \n      <div class=\"inner_grid\">\n        \n        <div class=\"content_grid\">\n        \n                    \n                      \n            <div class=\"text_holder\">\n                            <h3>Int\u00e9ress\u00e9 ? <\/h3>\n                            <p class=\"p1\">Pour toutes les possibilit\u00e9s et les prix, veuillez contacter\u00a0 Caspar Scholten et\/ou Hanneke van Andel.<\/p>\n              \n                                          \n            <\/div>\n            \n                    \n        <\/div>\n\n      <\/div>\n      \n  <\/div>\n  \n<\/section>\n\n\n<section class=\"person-link\" id=\"block_personlinks-block_fb4a0da23692bbf1af40907c7ab1f747\">\n  <div class=\"grid  \">\n    <div class=\"inner_grid\">\n        \n        <div class=\"professionals_relation_holder\">\n        \n                  \n          <div class=\"professional_obj_wrapper\">\n          <a href=\"https:\/\/berghstoop.com\/fr\/professional\/hanneke-van-andel\/\">\n          <div class=\"professional_obj overview\" rel=\"https:\/\/berghstoop.com\/fr\/offre-aux-jeunes-entreprises-et-aux-entreprises-de-taille-moyenne\/\" style=\"background-image: url(https:\/\/berghstoop.com\/wp-content\/uploads\/2023\/11\/BSS-Hanneke-HR-9803-720x900.jpg);\">\n            \n            <div class=\"text_holder\">\n              <h3>Hanneke van Andel<\/h3>\n              <a href=\"https:\/\/berghstoop.com\/fr\/professional\/hanneke-van-andel\/\" class=\"btn brown\">Lire plus<\/a>\n            <\/div>\n            \n          <\/div>\n          <\/a>\n          <\/div>\n          \n                  \n          <div class=\"professional_obj_wrapper\">\n          <a href=\"https:\/\/berghstoop.com\/professsional\/camiel-corsten\/https:\/\/berghstoop.com\/fr\/professional\/camiel-corsten\/\">\n          <div class=\"professional_obj overview\" rel=\"https:\/\/berghstoop.com\/fr\/offre-aux-jeunes-entreprises-et-aux-entreprises-de-taille-moyenne\/\" style=\"background-image: url(https:\/\/berghstoop.com\/wp-content\/uploads\/2021\/12\/BSS-portret-LR-4548-720x900.jpg);\">\n            \n            <div class=\"text_holder\">\n              <h3>Caspar Scholten<\/h3>\n              <a href=\"https:\/\/berghstoop.com\/professsional\/camiel-corsten\/https:\/\/berghstoop.com\/fr\/professional\/camiel-corsten\/\" class=\"btn brown\">Lire plus<\/a>\n            <\/div>\n            \n          <\/div>\n          <\/a>\n          <\/div>\n          \n                \n        <\/div>\n\n    <\/div>\n  <\/div>\n<\/section>\n","protected":false},"excerpt":{"rendered":"","protected":false},"author":1,"featured_media":0,"parent":0,"menu_order":0,"comment_status":"closed","ping_status":"closed","template":"","meta":{"_acf_changed":false,"footnotes":""},"class_list":["post-7507","page","type-page","status-publish","hentry"],"acf":[],"_links":{"self":[{"href":"https:\/\/berghstoop.com\/fr\/wp-json\/wp\/v2\/pages\/7507","targetHints":{"allow":["GET"]}}],"collection":[{"href":"https:\/\/berghstoop.com\/fr\/wp-json\/wp\/v2\/pages"}],"about":[{"href":"https:\/\/berghstoop.com\/fr\/wp-json\/wp\/v2\/types\/page"}],"author":[{"embeddable":true,"href":"https:\/\/berghstoop.com\/fr\/wp-json\/wp\/v2\/users\/1"}],"replies":[{"embeddable":true,"href":"https:\/\/berghstoop.com\/fr\/wp-json\/wp\/v2\/comments?post=7507"}],"version-history":[{"count":20,"href":"https:\/\/berghstoop.com\/fr\/wp-json\/wp\/v2\/pages\/7507\/revisions"}],"predecessor-version":[{"id":8019,"href":"https:\/\/berghstoop.com\/fr\/wp-json\/wp\/v2\/pages\/7507\/revisions\/8019"}],"wp:attachment":[{"href":"https:\/\/berghstoop.com\/fr\/wp-json\/wp\/v2\/media?parent=7507"}],"curies":[{"name":"wp","href":"https:\/\/api.w.org\/{rel}","templated":true}]}}